{"id":143,"date":"2025-08-15T11:30:39","date_gmt":"2025-08-15T11:30:39","guid":{"rendered":"https:\/\/patrickmarnham.com\/?page_id=143"},"modified":"2025-11-11T13:10:40","modified_gmt":"2025-11-11T13:10:40","slug":"the-new-age","status":"publish","type":"page","link":"https:\/\/patrickmarnham.com\/?page_id=143","title":{"rendered":"Pedigree\u00a0by Georges Simenon"},"content":{"rendered":"\n<div class=\"wp-block-cover alignfull\" style=\"padding-top:0px;padding-bottom:30px;min-height:200px;aspect-ratio:unset;\"><img decoding=\"async\" class=\"wp-block-cover__image-background\" alt=\"\" src=\"https:\/\/example.com\/article-header.jpg\" data-object-fit=\"cover\"\/><span aria-hidden=\"true\" class=\"wp-block-cover__background has-background-dim-30 has-background-dim\"><\/span><div class=\"wp-block-cover__inner-container is-layout-flow wp-block-cover-is-layout-flow\">\n<h1 class=\"wp-block-heading has-text-align-center has-text-color\" style=\"color:#ffffff;font-size:clamp(27.894px, 1.743rem + ((1vw - 3.2px) * 1.971), 48px);font-style:normal;font-weight:600\"><em>Pedigree<\/em>&nbsp;by Georges Simenon<\/h1>\n\n\n\n<p>BOOK REVIEWED<\/p>\n<\/div><\/div>\n\n\n\n<section class=\"wp-block-group alignfull has-text-color has-link-color wp-elements-4360dcaa024b0b6d6ccb2d67b5db18f9 has-global-padding is-layout-constrained wp-container-core-group-is-layout-6b1fcd7b wp-block-group-is-layout-constrained\" style=\"color:#000000;padding-top:2rem;padding-right:1rem;padding-bottom:2rem;padding-left:1rem\">\n<h1 class=\"wp-block-heading has-large-font-size\">Book reviewed by Patrick Marnham<\/h1>\n\n\n\n<p style=\"font-size:clamp(14px, 0.875rem + ((1vw - 3.2px) * 0.392), 18px);line-height:1.6\">From the&nbsp;<strong>Wall Street Journal<\/strong><strong><\/strong><\/p>\n\n\n\n<p><em>Pedigree<\/em>&nbsp;by Georges Simenon (Trans. by Robert Baldick, with Introduction by Luc Sante) New York Review Books pp.544, $17.95.<\/p>\n\n\n\n<p>\u201cI was born in the dark and in the rain and I got away.&nbsp;&nbsp;The crimes I write about are the crimes I would have committed if I had not got away\u201d.&nbsp;&nbsp;In this celebrated phrase &#8211; from an interview with the&nbsp;<em>New Yorker<\/em>&nbsp;&#8211; the novelist Georges Simenon, creator of Inspector Maigret, dramatised his own life with a characteristic mixture of self-congratulation and false modesty.&nbsp;&nbsp;But Simenon was not just shooting a line.&nbsp;&nbsp;The evidence is to be found in&nbsp;<em>Pedigree,<\/em>&nbsp;his lengthy but little-read autobiographical novel, written in the depths of Occupied France, first published in 1948 and now republished in Robert Baldick\u2019s 1962 translation.&nbsp;&nbsp;As Luc Sante suggests in his new introduction,&nbsp;<em>Pedigree<\/em>&nbsp;stands alone among the author\u2019s mature novels because it is the only one not to be \u201ccomposed in a willed trace state\u201d and because it took him over two years, rather than three weeks, to write.&nbsp;&nbsp;It is also the novel that provides the key to understanding Simenon\u2019s genius and the connection between his life and his work.&nbsp;<\/p>\n\n\n\n<p><em>Pedigree<\/em>&nbsp;provides an unforgettable picture of the Belgian city of Li\u00e8ge and its people as observed by the innocent but pitiless eye of a very unusual little boy.&nbsp;&nbsp;It is a portrait on a Dickensian scale, with poverty, crime, lunacy, wealth and corruption and mockery, but a complete absence of Dickensian sentimentality.&nbsp;<\/p>\n\n\n\n<p>The story opens with the birth of Roger Mamelin in 1903 and ends with the liberation of the city from German military occupation in November 1918 when Mamelin\/Simenon is 15.&nbsp;&nbsp;The author objected to the description \u201cautobiographical novel\u201d but the details of Roger\u2019s life are too close to those of Simenon\u2019s childhood for argument.&nbsp;&nbsp;The description of his parents, the houses the family inhabited in the working-class district of Outremeuse, the schools Roger attended, the aunts and uncles and cousins of his extended Flemish-Walloon family, the Russian and Jewish lodgers his mother takes in, are all the same as in Simenon\u2019s life.&nbsp;&nbsp;And in many cases the novelist has not even bothered to alter the names.&nbsp;&nbsp;<\/p>\n\n\n\n<p>This is Li\u00e8ge in the first two decades of the twentieth-century; a place where the crowded streets were dominated by lethal electric trams, where the market was made livelier by battling, foul-mouthed fishwives.&nbsp;&nbsp;The little boy noticed and remembered the \u201cfat, pink arms of the dairymaid\u201d, the smell of eggs and bacon in the kitchen before a summer\u2019s day picnic in the wooded heights outside the city and the rituals of Catholic life and, particularly, death.&nbsp;&nbsp;Then there were the horrors of war and defeat &#8211; no fuel, no food, the terror of collective punishments and \u2013 in next to no time &#8211; all the prettiest girls on the arms of German soldiers.&nbsp;<\/p>\n\n\n\n<p>The only hero in the boy\u2019s life is his father D\u00e9sir\u00e9, an honourable failure, the tall trustworthy insurance clerk who the little boy adored.&nbsp;&nbsp;In&nbsp;<em>Pedigree,&nbsp;<\/em>D\u00e9sir\u00e9 is married to \u00c9lise, Roger\u2019s monstrous Flemish mother.&nbsp;&nbsp;The battle between Roger and his mother dominates the story, with the child struggling to understand the volcanic, unloving personality that fate had given him for a mother.&nbsp;&nbsp;This drama too comes straight from the author\u2019s childhood.&nbsp;&nbsp;\u201cThe Simenons\u201d he once said, \u201ctook life as a straight line, the Br\u00fclls (his mother\u2019s family) came from a tormented race.\u201d&nbsp;&nbsp;From the start of the story Simenon emphasises the contrast between his father\u2019s French speaking Walloon family and his mother\u2019s Flemish relations.&nbsp;&nbsp;At the time of his birth in 1903, sophisticated or ambitious Belgians spoke French, the language of the country\u2019s dominant group, and Flemish speakers were patronised and treated with contempt.&nbsp;&nbsp;This division became worse during the twentieth century when Belgium suffered two brutal German occupations and Flemish Belgians were accused of being less anti-German.&nbsp;<\/p>\n\n\n\n<p>Shortly after the First World War ended D\u00e9sir\u00e9 died and one year later Simenon, aged 19, left Li\u00e8ge and never lived in Belgium again.&nbsp;&nbsp;He moved to Paris, started to write pulp fiction that was published by Colette and eventually created Inspector Maigret.&nbsp;&nbsp;One of the models for the inspector was undoubtedly D\u00e9sir\u00e9, the merciful father, now brought back to life as the just policeman who exemplifies Georges Simenon\u2019s motto, \u201cUnderstand, don\u2019t condemn\u201d.&nbsp;&nbsp;Maigret knows the criminal world and studies human nature; he operates on intuition, like a novelist.&nbsp;&nbsp;<em>Pedigree<\/em>&nbsp;shows where the creator of Maigret gained some of his knowledge.&nbsp;&nbsp;At the age of 15, Simenon (or \u201cRoger Mamelin\u201d) was living in a city made desperate by four years of military occupation.&nbsp;&nbsp;He abandoned his schooling and hesitated on the verge of a life of crime.&nbsp;&nbsp;He was tempted by the black-market, he joined his mother on food smuggling ventures, he had friends who procured young girls for prostitution and together they discussed opportunities for blackmail.&nbsp;&nbsp;He was saved from the fate of his friends by chance; his father became gravely ill and Georges was instructed to leave school and find a job.<\/p>\n\n\n\n<p>By1939, when war broke out again, Simenon, living in France, had become a highly successful popular novelist who had decided to terminate the Maigret series and win the Nobel Prize with his&nbsp;<em>romans<\/em>&nbsp;<em>durs&nbsp;<\/em>(hard novels), as he called his literary fiction.&nbsp;&nbsp;His working methods were notorious.&nbsp;&nbsp;He did not just write his stories, he lived them.&nbsp;&nbsp;He immersed himself in the personality of his leading character, he went into \u201c a sort of trance\u201d and possessed the world he was creating, and he worked in short bursts at tremendous speed.&nbsp;&nbsp;He would type a page every twenty minutes, 1500 words an hour, 4500 words a day for twenty days.&nbsp;&nbsp;In this way he could produce three or four books a year, and take nine or more months off. While he was writing he could drink two litres of red wine a day and still lose weight.&nbsp;&nbsp;His children would watch him from the window, notice how his walk changed and try to guess what sort of character would emerge in the next book.&nbsp;&nbsp;But&nbsp;<em>Pedigree<\/em>&nbsp;was different.&nbsp;&nbsp;He did little else in 1942 except write this book.&nbsp;&nbsp;He worked on it in 1941 and 1943 as well.&nbsp;&nbsp;<\/p>\n\n\n\n<p>The period when&nbsp;<em>Pedigree<\/em>&nbsp;was written explains much. With the return of German occupation Simenon\u2019s imagination returned to his own childhood.&nbsp;&nbsp;War had traumatised him as a boy and his relationship with Henriette was a lifelong trauma. For the purposes of the novel the author conflated the anguish, making \u201c\u00c9lise\u201d half-German, whereas, in real life, Henriette was entirely Flemish.&nbsp;&nbsp;The other clear departure from biography was that \u201cRoger Mamelin\u201d is an only child, whereas Georges had a younger brother, Christian.&nbsp;&nbsp;In 1944, as German forces retreated from Belgium, Christian Simenon went on the run, pursued by the Belgian Resistance and accused of collaboration.&nbsp;&nbsp;On the advice of Georges he joined the French Foreign Legion and was killed fighting in Indo-China in October 1947, a year before the publication of&nbsp;<em>Pedigree.&nbsp;&nbsp;<\/em>Henriette never forgave Georges for helping his younger brother to join the Foreign Legion.<\/p>\n\n\n\n<p>When Simenon denied that&nbsp;<em>Pedigree<\/em>&nbsp;was an \u201cautobiographical novel\u201d he would insist that it was a book in which \u201ceverything is true while nothing is accurate\u201d, making a distinction between fiction and biography that he guarded with understandable jealousy.&nbsp;&nbsp;In fact the story was close enough to real life for three of Simenon\u2019s fellow countrymen to sue him successfully for libel.&nbsp;&nbsp;Was this because he had invented the facts, or because he had failed to do so?&nbsp;&nbsp;His version of the truth was a novelist\u2019s psychological truth, and the most important truth he revealed in&nbsp;<em>Pedigree<\/em>&nbsp;was the identity of his lifelong muse.&nbsp;&nbsp;<\/p>\n\n\n\n<p>Simenon married twice and enjoyed two long-standing affairs with domestic servants; he died in the arms of a maid originally hired by his second wife.&nbsp;&nbsp;But the woman who drove his work was none of these, nor was it any of the 10,000 women he famously claimed to have conquered.&nbsp;&nbsp;It was his mother, the over-apologetic, proud little lodging house keeper, whose standards he never managed to reach and who never loved him as she loved his younger brother.&nbsp;&nbsp;Shortly before she died Henriette visited Georges in Switzerland, where he was living the life of a millionaire, and returned every penny of the money he had sent her over the years.&nbsp;&nbsp;And when she died Simenon\u2019s inspiration died too.&nbsp;&nbsp;The man who had published 76 Maigrets and 117 dark novels battled on for twelve months and then gave up writing fiction.<\/p>\n\n\n\n<p><strong>endit<\/strong><\/p>\n\n\n\n<p><\/p>\n<\/section>\n","protected":false},"excerpt":{"rendered":"<p>Book reviewed by Patrick Marnham From the&nbsp;Wall Street Journal Pedigree&nbsp;by Georges Simenon (Trans. by Robert Baldick, with Introduction by Luc Sante) New York Review Books pp.544, $17.95. \u201cI was born in the dark and in the rain and I got away.&nbsp;&nbsp;The crimes I write about are the crimes I would have committed if I had [&hellip;]<\/p>\n","protected":false},"author":1,"featured_media":0,"parent":0,"menu_order":0,"comment_status":"closed","ping_status":"closed","template":"","meta":{"footnotes":""},"class_list":["post-143","page","type-page","status-publish","hentry"],"_links":{"self":[{"href":"https:\/\/patrickmarnham.com\/index.php?rest_route=\/wp\/v2\/pages\/143","targetHints":{"allow":["GET"]}}],"collection":[{"href":"https:\/\/patrickmarnham.com\/index.php?rest_route=\/wp\/v2\/pages"}],"about":[{"href":"https:\/\/patrickmarnham.com\/index.php?rest_route=\/wp\/v2\/types\/page"}],"author":[{"embeddable":true,"href":"https:\/\/patrickmarnham.com\/index.php?rest_route=\/wp\/v2\/users\/1"}],"replies":[{"embeddable":true,"href":"https:\/\/patrickmarnham.com\/index.php?rest_route=%2Fwp%2Fv2%2Fcomments&post=143"}],"version-history":[{"count":10,"href":"https:\/\/patrickmarnham.com\/index.php?rest_route=\/wp\/v2\/pages\/143\/revisions"}],"predecessor-version":[{"id":252,"href":"https:\/\/patrickmarnham.com\/index.php?rest_route=\/wp\/v2\/pages\/143\/revisions\/252"}],"wp:attachment":[{"href":"https:\/\/patrickmarnham.com\/index.php?rest_route=%2Fwp%2Fv2%2Fmedia&parent=143"}],"curies":[{"name":"wp","href":"https:\/\/api.w.org\/{rel}","templated":true}]}}